{"id":2589,"date":"2025-11-04T01:39:20","date_gmt":"2025-11-04T01:39:20","guid":{"rendered":"https:\/\/rahufilm.com\/?page_id=2589"},"modified":"2025-11-26T17:43:10","modified_gmt":"2025-11-26T17:43:10","slug":"foto","status":"publish","type":"page","link":"https:\/\/rahufilm.com\/?page_id=2589&lang=et","title":{"rendered":"Foto"},"content":{"rendered":"\t\t<div data-elementor-type=\"wp-page\" data-elementor-id=\"2589\" class=\"elementor elementor-2589 elementor-124\" data-elementor-post-type=\"page\">\n\t\t\t\t<div class=\"elementor-element elementor-element-00f68a3 e-flex e-con-boxed e-con e-parent\" data-id=\"00f68a3\" data-element_type=\"container\">\n\t\t\t\t\t<div class=\"e-con-inner\">\n\t\t\t\t<div class=\"elementor-element elementor-element-b600fcb elementor-widget elementor-widget-text-editor\" data-id=\"b600fcb\" data-element_type=\"widget\" data-widget_type=\"text-editor.default\">\n\t\t\t\t\t\t\t\t\t<p>\u201ePULMAFOTO, KUS OLED OMA PARIM VERSIOON\u201c<\/p>\t\t\t\t\t\t\t\t<\/div>\n\t\t\t\t<div class=\"elementor-element elementor-element-98bae2b elementor-widget elementor-widget-text-editor\" data-id=\"98bae2b\" data-element_type=\"widget\" data-widget_type=\"text-editor.default\">\n\t\t\t\t\t\t\t\t\t<p>Pulm on \u00fcks t\u00e4htsamaid ja liigutavamaid p\u00e4evi elus. Tahame selle igaveseks m\u00e4llu talletada erksate emotsioonide ja \u00f5nnelike naeratustega, et need m\u00e4lestused r\u00f5\u00f5mustaksid mitte ainult teid, vaid ka tulevasi p\u00f5lvkondi. <\/p><p>Kui otsite pulmafotograafi v\u00f5i plaanite pulmatseremooniat m\u00f5nes linnas v\u00f5i teises riigis, siis oleme r\u00f5\u00f5muga teie pulmafotograafiks.<\/p><p>Meie eesm\u00e4rk on j\u00e4\u00e4dvustada igas kaadris teie peo atmosf\u00e4\u00e4r ja s\u00e4ilitada teie p\u00e4eva elavad hetked.<\/p>\t\t\t\t\t\t\t\t<\/div>\n\t\t\t\t\t<\/div>\n\t\t\t\t<\/div>\n\t\t<div class=\"elementor-element elementor-element-f5b5f66 e-flex e-con-boxed e-con e-parent\" data-id=\"f5b5f66\" data-element_type=\"container\">\n\t\t\t\t\t<div class=\"e-con-inner\">\n\t\t<div class=\"elementor-element elementor-element-c4d023e e-con-full e-flex e-con e-child\" data-id=\"c4d023e\" data-element_type=\"container\">\n\t\t\t\t<div class=\"elementor-element elementor-element-16fe77d elementor-cta--skin-cover elementor-widget elementor-widget-call-to-action\" data-id=\"16fe77d\" data-element_type=\"widget\" data-widget_type=\"call-to-action.default\">\n\t\t\t\t\t\t\t<a class=\"elementor-cta\" href=\"https:\/\/rahufilm.com\/et?page_id=2599\">\n\t\t\t\t\t<div class=\"elementor-cta__bg-wrapper\">\n\t\t\t\t<div class=\"elementor-cta__bg elementor-bg\" style=\"background-image: url(https:\/\/rahufilm.com\/wp-content\/uploads\/2025\/11\/basharenko_photography-243-of-387-683x1024.jpg);\" role=\"img\" aria-label=\"basharenko_photography (243 387-st)\"><\/div>\n\t\t\t\t<div class=\"elementor-cta__bg-overlay\"><\/div>\n\t\t\t<\/div>\n\t\t\t\t\t\t\t<div class=\"elementor-cta__content\">\n\t\t\t\t\n\t\t\t\t\t\t\t\t\t<h2 class=\"elementor-cta__title elementor-cta__content-item elementor-content-item\">\n\t\t\t\t\t\tLillian &amp; Alexander\t\t\t\t\t<\/h2>\n\t\t\t\t\n\t\t\t\t\n\t\t\t\t\t\t\t<\/div>\n\t\t\t\t\t\t<\/a>\n\t\t\t\t\t\t<\/div>\n\t\t\t\t<\/div>\n\t\t<div class=\"elementor-element elementor-element-4f0d20b e-con-full e-flex e-con e-child\" data-id=\"4f0d20b\" data-element_type=\"container\">\n\t\t\t\t<div class=\"elementor-element elementor-element-efd95e1 elementor-cta--skin-cover elementor-widget elementor-widget-call-to-action\" data-id=\"efd95e1\" data-element_type=\"widget\" data-widget_type=\"call-to-action.default\">\n\t\t\t\t\t\t\t<a class=\"elementor-cta\" href=\"https:\/\/rahufilm.com\/et?page_id=2577\">\n\t\t\t\t\t<div class=\"elementor-cta__bg-wrapper\">\n\t\t\t\t<div class=\"elementor-cta__bg elementor-bg\" style=\"background-image: url(https:\/\/rahufilm.com\/wp-content\/uploads\/2025\/11\/DSC_6198-683x1024.jpg);\" role=\"img\" aria-label=\"DSC_6198\"><\/div>\n\t\t\t\t<div class=\"elementor-cta__bg-overlay\"><\/div>\n\t\t\t<\/div>\n\t\t\t\t\t\t\t<div class=\"elementor-cta__content\">\n\t\t\t\t\n\t\t\t\t\t\t\t\t\t<h2 class=\"elementor-cta__title elementor-cta__content-item elementor-content-item\">\n\t\t\t\t\t\tKatinka &amp; Eirik\t\t\t\t\t<\/h2>\n\t\t\t\t\n\t\t\t\t\n\t\t\t\t\t\t\t<\/div>\n\t\t\t\t\t\t<\/a>\n\t\t\t\t\t\t<\/div>\n\t\t\t\t<\/div>\n\t\t<div class=\"elementor-element elementor-element-dea6ee2 e-con-full e-flex e-con e-child\" data-id=\"dea6ee2\" data-element_type=\"container\">\n\t\t\t\t<div class=\"elementor-element elementor-element-ebd69cf elementor-cta--skin-cover elementor-widget elementor-widget-call-to-action\" data-id=\"ebd69cf\" data-element_type=\"widget\" data-widget_type=\"call-to-action.default\">\n\t\t\t\t\t\t\t<a class=\"elementor-cta\" href=\"https:\/\/rahufilm.com\/et?page_id=2579\">\n\t\t\t\t\t<div class=\"elementor-cta__bg-wrapper\">\n\t\t\t\t<div class=\"elementor-cta__bg elementor-bg\" style=\"background-image: url(https:\/\/rahufilm.com\/wp-content\/uploads\/2025\/11\/DSC07651-683x1024.jpg);\" role=\"img\" aria-label=\"DSC07651\"><\/div>\n\t\t\t\t<div class=\"elementor-cta__bg-overlay\"><\/div>\n\t\t\t<\/div>\n\t\t\t\t\t\t\t<div class=\"elementor-cta__content\">\n\t\t\t\t\n\t\t\t\t\t\t\t\t\t<h2 class=\"elementor-cta__title elementor-cta__content-item elementor-content-item\">\n\t\t\t\t\t\tRobert ja Gloria\t\t\t\t\t<\/h2>\n\t\t\t\t\n\t\t\t\t\n\t\t\t\t\t\t\t<\/div>\n\t\t\t\t\t\t<\/a>\n\t\t\t\t\t\t<\/div>\n\t\t\t\t<\/div>\n\t\t<div class=\"elementor-element elementor-element-97365d2 e-con-full e-flex e-con e-child\" data-id=\"97365d2\" data-element_type=\"container\">\n\t\t\t\t<div class=\"elementor-element elementor-element-9b307fa elementor-cta--skin-cover elementor-widget elementor-widget-call-to-action\" data-id=\"9b307fa\" data-element_type=\"widget\" data-widget_type=\"call-to-action.default\">\n\t\t\t\t\t\t\t<a class=\"elementor-cta\" href=\"https:\/\/rahufilm.com\/et?page_id=2585\">\n\t\t\t\t\t<div class=\"elementor-cta__bg-wrapper\">\n\t\t\t\t<div class=\"elementor-cta__bg elementor-bg\" style=\"background-image: url(https:\/\/rahufilm.com\/wp-content\/uploads\/2025\/11\/foto-177-684x1024.jpg);\" role=\"img\" aria-label=\"foto-177\"><\/div>\n\t\t\t\t<div class=\"elementor-cta__bg-overlay\"><\/div>\n\t\t\t<\/div>\n\t\t\t\t\t\t\t<div class=\"elementor-cta__content\">\n\t\t\t\t\n\t\t\t\t\t\t\t\t\t<h2 class=\"elementor-cta__title elementor-cta__content-item elementor-content-item\">\n\t\t\t\t\t\tTommy &amp; Tiina\t\t\t\t\t<\/h2>\n\t\t\t\t\n\t\t\t\t\n\t\t\t\t\t\t\t<\/div>\n\t\t\t\t\t\t<\/a>\n\t\t\t\t\t\t<\/div>\n\t\t\t\t<\/div>\n\t\t<div class=\"elementor-element elementor-element-ae9059e e-con-full e-flex e-con e-child\" data-id=\"ae9059e\" data-element_type=\"container\">\n\t\t\t\t<div class=\"elementor-element elementor-element-1ec691b elementor-cta--skin-cover elementor-widget elementor-widget-call-to-action\" data-id=\"1ec691b\" data-element_type=\"widget\" data-widget_type=\"call-to-action.default\">\n\t\t\t\t\t\t\t<a class=\"elementor-cta\" href=\"https:\/\/rahufilm.com\/et?page_id=2596\">\n\t\t\t\t\t<div class=\"elementor-cta__bg-wrapper\">\n\t\t\t\t<div class=\"elementor-cta__bg elementor-bg\" style=\"background-image: url(https:\/\/rahufilm.com\/wp-content\/uploads\/2025\/11\/basharenko_photography-62-of-134-683x1024.jpg);\" role=\"img\" aria-label=\"basharenko_photography (62 134-st)\"><\/div>\n\t\t\t\t<div class=\"elementor-cta__bg-overlay\"><\/div>\n\t\t\t<\/div>\n\t\t\t\t\t\t\t<div class=\"elementor-cta__content\">\n\t\t\t\t\n\t\t\t\t\t\t\t\t\t<h2 class=\"elementor-cta__title elementor-cta__content-item elementor-content-item\">\n\t\t\t\t\t\tVala Maria &amp; Per-Dimitri\t\t\t\t\t<\/h2>\n\t\t\t\t\n\t\t\t\t\n\t\t\t\t\t\t\t<\/div>\n\t\t\t\t\t\t<\/a>\n\t\t\t\t\t\t<\/div>\n\t\t\t\t<\/div>\n\t\t\t\t\t<\/div>\n\t\t\t\t<\/div>\n\t\t\t\t<\/div>\n\t\t","protected":false},"excerpt":{"rendered":"<p>\u201ePULMAFOTO, KUS OLED OMA PARIM VERSIOON\u201c Pulm on \u00fcks t\u00e4htsamaid ja liigutavamaid p\u00e4evi elus. Tahame selle igaveseks m\u00e4llu talletada erksate emotsioonide ja \u00f5nnelike naeratustega, et need m\u00e4lestused r\u00f5\u00f5mustaksid mitte ainult teid, vaid ka tulevasi p\u00f5lvkondi. Kui otsite pulmafotograafi v\u00f5i plaanite pulmatseremooniat m\u00f5nes linnas v\u00f5i teises riigis, siis oleme r\u00f5\u00f5muga teie pulmafotograafiks. Meie eesm\u00e4rk on j\u00e4\u00e4dvustada [&hellip;]<\/p>\n","protected":false},"author":1,"featured_media":0,"parent":0,"menu_order":0,"comment_status":"closed","ping_status":"closed","template":"","meta":{"footnotes":""},"folder":[],"class_list":["post-2589","page","type-page","status-publish","hentry"],"_links":{"self":[{"href":"https:\/\/rahufilm.com\/index.php?rest_route=\/wp\/v2\/pages\/2589","targetHints":{"allow":["GET"]}}],"collection":[{"href":"https:\/\/rahufilm.com\/index.php?rest_route=\/wp\/v2\/pages"}],"about":[{"href":"https:\/\/rahufilm.com\/index.php?rest_route=\/wp\/v2\/types\/page"}],"author":[{"embeddable":true,"href":"https:\/\/rahufilm.com\/index.php?rest_route=\/wp\/v2\/users\/1"}],"replies":[{"embeddable":true,"href":"https:\/\/rahufilm.com\/index.php?rest_route=%2Fwp%2Fv2%2Fcomments&post=2589"}],"version-history":[{"count":5,"href":"https:\/\/rahufilm.com\/index.php?rest_route=\/wp\/v2\/pages\/2589\/revisions"}],"predecessor-version":[{"id":2822,"href":"https:\/\/rahufilm.com\/index.php?rest_route=\/wp\/v2\/pages\/2589\/revisions\/2822"}],"wp:attachment":[{"href":"https:\/\/rahufilm.com\/index.php?rest_route=%2Fwp%2Fv2%2Fmedia&parent=2589"}],"wp:term":[{"taxonomy":"folder","embeddable":true,"href":"https:\/\/rahufilm.com\/index.php?rest_route=%2Fwp%2Fv2%2Ffolder&post=2589"}],"curies":[{"name":"wp","href":"https:\/\/api.w.org\/{rel}","templated":true}]}}