{"id":2604,"date":"2025-10-29T17:18:27","date_gmt":"2025-10-29T17:18:27","guid":{"rendered":"https:\/\/rahufilm.com\/?page_id=2604"},"modified":"2025-11-26T17:43:14","modified_gmt":"2025-11-26T17:43:14","slug":"etusivu","status":"publish","type":"page","link":"https:\/\/rahufilm.com\/?page_id=2604&lang=fi","title":{"rendered":"Etusivu"},"content":{"rendered":"\t\t<div data-elementor-type=\"wp-page\" data-elementor-id=\"2604\" class=\"elementor elementor-2604 elementor-52\" data-elementor-post-type=\"page\">\n\t\t\t\t<div class=\"elementor-element elementor-element-158a909 elementor-hidden-mobile e-flex e-con-boxed e-con e-parent\" data-id=\"158a909\" data-element_type=\"container\">\n\t\t\t\t\t<div class=\"e-con-inner\">\n\t\t\t\t<div class=\"elementor-element elementor-element-b3220ce elementor-widget elementor-widget-video\" data-id=\"b3220ce\" data-element_type=\"widget\" data-settings=\"{&quot;video_type&quot;:&quot;hosted&quot;,&quot;autoplay&quot;:&quot;yes&quot;,&quot;play_on_mobile&quot;:&quot;yes&quot;,&quot;mute&quot;:&quot;yes&quot;,&quot;loop&quot;:&quot;yes&quot;}\" data-widget_type=\"video.default\">\n\t\t\t\t\t\t\t<div class=\"e-hosted-video elementor-wrapper elementor-open-inline\">\n\t\t\t\t\t<video class=\"elementor-video\" src=\"https:\/\/rahufilm.com\/wp-content\/uploads\/2025\/10\/\u0432-\u0448\u0430\u043f\u043a\u0443-\u0441\u0430\u0439\u0442\u0430.mp4\" autoplay=\"\" loop=\"\" muted=\"muted\" playsinline=\"\" controlsList=\"nodownload\"><\/video>\n\t\t\t\t<\/div>\n\t\t\t\t\t\t<\/div>\n\t\t\t\t\t<\/div>\n\t\t\t\t<\/div>\n\t\t<div class=\"elementor-element elementor-element-cd603cc elementor-hidden-desktop elementor-hidden-tablet e-flex e-con-boxed e-con e-parent\" data-id=\"cd603cc\" data-element_type=\"container\">\n\t\t\t\t\t<div class=\"e-con-inner\">\n\t\t\t\t<div class=\"elementor-element elementor-element-0051fda elementor-widget elementor-widget-video\" data-id=\"0051fda\" data-element_type=\"widget\" data-settings=\"{&quot;video_type&quot;:&quot;hosted&quot;,&quot;autoplay&quot;:&quot;yes&quot;,&quot;play_on_mobile&quot;:&quot;yes&quot;,&quot;mute&quot;:&quot;yes&quot;,&quot;loop&quot;:&quot;yes&quot;}\" data-widget_type=\"video.default\">\n\t\t\t\t\t\t\t<div class=\"e-hosted-video elementor-wrapper elementor-open-inline\">\n\t\t\t\t\t<video class=\"elementor-video\" src=\"https:\/\/rahufilm.com\/wp-content\/uploads\/2025\/10\/\u0432-\u0448\u0430\u043f\u043a\u0443-\u0441\u0430\u0439\u0442\u0430.mp4\" autoplay=\"\" loop=\"\" muted=\"muted\" playsinline=\"\" controlsList=\"nodownload\"><\/video>\n\t\t\t\t<\/div>\n\t\t\t\t\t\t<\/div>\n\t\t\t\t\t<\/div>\n\t\t\t\t<\/div>\n\t\t<div class=\"elementor-element elementor-element-046fe75 e-flex e-con-boxed e-con e-parent\" data-id=\"046fe75\" data-element_type=\"container\">\n\t\t\t\t\t<div class=\"e-con-inner\">\n\t\t\t\t<div class=\"elementor-element elementor-element-4d0e480 elementor-widget elementor-widget-text-editor\" data-id=\"4d0e480\" data-element_type=\"widget\" data-widget_type=\"text-editor.default\">\n\t\t\t\t\t\t\t\t\t<p>Jokainen h\u00e4\u00e4t ovat kertomus ihmisist\u00e4 ja heid\u00e4n aidoista tunteistaan.<\/p><p> Seuraamme tarinoiden syntymist\u00e4, vangitsemme satunnaisia hymyj\u00e4 ja vilpitt\u00f6mi\u00e4 katseita &#8211; asioita, joita ei voi j\u00e4ljitell\u00e4.<br>My\u00f6hemmin vieraat muistelevat t\u00e4t\u00e4 p\u00e4iv\u00e4\u00e4, ja me uskomme: muistoja ei pit\u00e4isi kertoa, vaan n\u00e4ytt\u00e4\u00e4 h\u00e4\u00e4videon ja -kuvien kautta.<\/p><p>Kun teid\u00e4n p\u00e4iv\u00e4nne koittaa &#8211; p\u00e4\u00e4st\u00e4k\u00e4\u00e4 irti kontrollista, el\u00e4k\u00e4\u00e4 vain, ja me luomme h\u00e4\u00e4videon ja -kuvat, huolehtien muistoistanne!<\/p>\t\t\t\t\t\t\t\t<\/div>\n\t\t\t\t\t<\/div>\n\t\t\t\t<\/div>\n\t\t<div class=\"elementor-element elementor-element-8164c00 e-flex e-con-boxed e-con e-parent\" data-id=\"8164c00\" data-element_type=\"container\">\n\t\t\t\t\t<div class=\"e-con-inner\">\n\t\t<div class=\"elementor-element elementor-element-6dd4743 e-con-full e-flex e-con e-child\" data-id=\"6dd4743\" data-element_type=\"container\">\n\t\t\t\t<div class=\"elementor-element elementor-element-2371bbc elementor-widget elementor-widget-video\" data-id=\"2371bbc\" data-element_type=\"widget\" data-settings=\"{&quot;video_type&quot;:&quot;hosted&quot;,&quot;image_overlay&quot;:{&quot;url&quot;:&quot;https:\\\/\\\/rahufilm.com\\\/wp-content\\\/uploads\\\/2025\\\/11\\\/photo_2025-11-25_14-07-28.jpg&quot;,&quot;id&quot;:2765,&quot;size&quot;:&quot;&quot;,&quot;alt&quot;:&quot;&quot;,&quot;source&quot;:&quot;library&quot;},&quot;show_image_overlay&quot;:&quot;yes&quot;,&quot;controls&quot;:&quot;yes&quot;}\" data-widget_type=\"video.default\">\n\t\t\t\t\t\t\t<div class=\"e-hosted-video elementor-wrapper elementor-open-inline\">\n\t\t\t\t\t<video class=\"elementor-video\" src=\"https:\/\/rahufilm.com\/wp-content\/uploads\/2025\/11\/1.mov\" controls=\"\" preload=\"metadata\" controlsList=\"nodownload\" poster=\"https:\/\/rahufilm.com\/wp-content\/uploads\/2025\/11\/photo_2025-11-25_14-07-28.jpg\"><\/video>\n\t\t\t\t\t\t<div class=\"elementor-custom-embed-image-overlay\" style=\"background-image: url(https:\/\/rahufilm.com\/wp-content\/uploads\/2025\/11\/photo_2025-11-25_14-07-28.jpg);\">\n\t\t\t\t\t\t\t\t\t\t\t\t\t\t\t\t<div class=\"elementor-custom-embed-play\" role=\"button\" aria-label=\"Katso video\" tabindex=\"0\">\n\t\t\t\t\t\t\t<svg aria-hidden=\"true\" class=\"e-font-icon-svg e-eicon-play\" viewBox=\"0 0 1000 1000\" xmlns=\"http:\/\/www.w3.org\/2000\/svg\"><path d=\"M838 162C746 71 633 25 500 25 371 25 258 71 163 162 71 254 25 367 25 500 25 633 71 746 163 837 254 929 367 979 500 979 633 979 746 933 838 837 929 746 975 633 975 500 975 367 929 254 838 162M808 192C892 279 933 379 933 500 933 621 892 725 808 808 725 892 621 938 500 938 379 938 279 896 196 808 113 725 67 621 67 500 67 379 108 279 196 192 279 108 383 62 500 62 621 62 721 108 808 192M438 392V642L642 517 438 392Z\"><\/path><\/svg>\t\t\t\t\t\t<\/div>\n\t\t\t\t\t\t\t\t\t<\/div>\n\t\t\t\t\t<\/div>\n\t\t\t\t\t\t<\/div>\n\t\t\t\t<\/div>\n\t\t<div class=\"elementor-element elementor-element-81e7a47 e-con-full e-flex e-con e-child\" data-id=\"81e7a47\" data-element_type=\"container\">\n\t\t\t\t<div class=\"elementor-element elementor-element-6fddfd1 elementor-widget elementor-widget-video\" data-id=\"6fddfd1\" data-element_type=\"widget\" data-settings=\"{&quot;video_type&quot;:&quot;hosted&quot;,&quot;show_image_overlay&quot;:&quot;yes&quot;,&quot;image_overlay&quot;:{&quot;url&quot;:&quot;https:\\\/\\\/rahufilm.com\\\/wp-content\\\/uploads\\\/2025\\\/11\\\/2-1.jpg&quot;,&quot;id&quot;:2753,&quot;size&quot;:&quot;&quot;,&quot;alt&quot;:&quot;&quot;,&quot;source&quot;:&quot;library&quot;},&quot;controls&quot;:&quot;yes&quot;}\" data-widget_type=\"video.default\">\n\t\t\t\t\t\t\t<div class=\"e-hosted-video elementor-wrapper elementor-open-inline\">\n\t\t\t\t\t<video class=\"elementor-video\" src=\"https:\/\/rahufilm.com\/wp-content\/uploads\/2025\/11\/2.mp4\" controls=\"\" preload=\"metadata\" controlsList=\"nodownload\" poster=\"https:\/\/rahufilm.com\/wp-content\/uploads\/2025\/11\/2-1.jpg\"><\/video>\n\t\t\t\t\t\t<div class=\"elementor-custom-embed-image-overlay\" style=\"background-image: url(https:\/\/rahufilm.com\/wp-content\/uploads\/2025\/11\/2-1.jpg);\">\n\t\t\t\t\t\t\t\t\t\t\t\t\t\t\t\t<div class=\"elementor-custom-embed-play\" role=\"button\" aria-label=\"Katso video\" tabindex=\"0\">\n\t\t\t\t\t\t\t<svg aria-hidden=\"true\" class=\"e-font-icon-svg e-eicon-play\" viewBox=\"0 0 1000 1000\" xmlns=\"http:\/\/www.w3.org\/2000\/svg\"><path d=\"M838 162C746 71 633 25 500 25 371 25 258 71 163 162 71 254 25 367 25 500 25 633 71 746 163 837 254 929 367 979 500 979 633 979 746 933 838 837 929 746 975 633 975 500 975 367 929 254 838 162M808 192C892 279 933 379 933 500 933 621 892 725 808 808 725 892 621 938 500 938 379 938 279 896 196 808 113 725 67 621 67 500 67 379 108 279 196 192 279 108 383 62 500 62 621 62 721 108 808 192M438 392V642L642 517 438 392Z\"><\/path><\/svg>\t\t\t\t\t\t<\/div>\n\t\t\t\t\t\t\t\t\t<\/div>\n\t\t\t\t\t<\/div>\n\t\t\t\t\t\t<\/div>\n\t\t\t\t<\/div>\n\t\t<div class=\"elementor-element elementor-element-30a084a e-con-full e-flex e-con e-child\" data-id=\"30a084a\" data-element_type=\"container\">\n\t\t\t\t<div class=\"elementor-element elementor-element-b955a2f elementor-widget elementor-widget-video\" data-id=\"b955a2f\" data-element_type=\"widget\" data-settings=\"{&quot;video_type&quot;:&quot;hosted&quot;,&quot;show_image_overlay&quot;:&quot;yes&quot;,&quot;image_overlay&quot;:{&quot;url&quot;:&quot;https:\\\/\\\/rahufilm.com\\\/wp-content\\\/uploads\\\/2025\\\/11\\\/photo_2025-11-25_14-18-15.jpg&quot;,&quot;id&quot;:2788,&quot;size&quot;:&quot;&quot;,&quot;alt&quot;:&quot;&quot;,&quot;source&quot;:&quot;library&quot;},&quot;controls&quot;:&quot;yes&quot;}\" data-widget_type=\"video.default\">\n\t\t\t\t\t\t\t<div class=\"e-hosted-video elementor-wrapper elementor-open-inline\">\n\t\t\t\t\t<video class=\"elementor-video\" src=\"https:\/\/rahufilm.com\/wp-content\/uploads\/2025\/11\/7.mp4\" controls=\"\" preload=\"metadata\" controlsList=\"nodownload\" poster=\"https:\/\/rahufilm.com\/wp-content\/uploads\/2025\/11\/photo_2025-11-25_14-18-15.jpg\"><\/video>\n\t\t\t\t\t\t<div class=\"elementor-custom-embed-image-overlay\" style=\"background-image: url(https:\/\/rahufilm.com\/wp-content\/uploads\/2025\/11\/photo_2025-11-25_14-18-15.jpg);\">\n\t\t\t\t\t\t\t\t\t\t\t\t\t\t\t\t<div class=\"elementor-custom-embed-play\" role=\"button\" aria-label=\"Katso video\" tabindex=\"0\">\n\t\t\t\t\t\t\t<svg aria-hidden=\"true\" class=\"e-font-icon-svg e-eicon-play\" viewBox=\"0 0 1000 1000\" xmlns=\"http:\/\/www.w3.org\/2000\/svg\"><path d=\"M838 162C746 71 633 25 500 25 371 25 258 71 163 162 71 254 25 367 25 500 25 633 71 746 163 837 254 929 367 979 500 979 633 979 746 933 838 837 929 746 975 633 975 500 975 367 929 254 838 162M808 192C892 279 933 379 933 500 933 621 892 725 808 808 725 892 621 938 500 938 379 938 279 896 196 808 113 725 67 621 67 500 67 379 108 279 196 192 279 108 383 62 500 62 621 62 721 108 808 192M438 392V642L642 517 438 392Z\"><\/path><\/svg>\t\t\t\t\t\t<\/div>\n\t\t\t\t\t\t\t\t\t<\/div>\n\t\t\t\t\t<\/div>\n\t\t\t\t\t\t<\/div>\n\t\t\t\t<\/div>\n\t\t\t\t\t<\/div>\n\t\t\t\t<\/div>\n\t\t<div class=\"elementor-element elementor-element-6c7b93f e-flex e-con-boxed e-con e-parent\" data-id=\"6c7b93f\" data-element_type=\"container\">\n\t\t\t\t\t<div class=\"e-con-inner\">\n\t\t<div class=\"elementor-element elementor-element-af6d89d e-con-full e-flex e-con e-child\" data-id=\"af6d89d\" data-element_type=\"container\">\n\t\t<div class=\"elementor-element elementor-element-40b7dca e-con-full e-flex e-con e-child\" data-id=\"40b7dca\" data-element_type=\"container\">\n\t\t\t\t<div class=\"elementor-element elementor-element-846e036 elementor-widget elementor-widget-text-editor\" data-id=\"846e036\" data-element_type=\"widget\" data-widget_type=\"text-editor.default\">\n\t\t\t\t\t\t\t\t\t<p>Olemme h\u00e4keltyneit\u00e4! Meill\u00e4 k\u00e4vi todella hyv\u00e4 tuuri, ett\u00e4 l\u00f6ysimme teid\u00e4t! Kaikki on uskomattoman kaunista ja olemme innoissamme siit\u00e4, ett\u00e4 h\u00e4\u00e4puheesta tuli avainhetki! Itkimme, nauroimme ja iloitsimme katsoessamme elokuvaamme. Suurkiitos! Menestyst\u00e4 teille jatkossakin ty\u00f6ss\u00e4nne!     <\/p>\t\t\t\t\t\t\t\t<\/div>\n\t\t\t\t<div class=\"elementor-element elementor-element-e4bfdc8 elementor-widget elementor-widget-text-editor\" data-id=\"e4bfdc8\" data-element_type=\"widget\" data-widget_type=\"text-editor.default\">\n\t\t\t\t\t\t\t\t\t<p><b>Sam &amp; Lin<\/b><\/p>\t\t\t\t\t\t\t\t<\/div>\n\t\t\t\t<\/div>\n\t\t\t\t<\/div>\n\t\t<div class=\"elementor-element elementor-element-f82e055 e-con-full e-flex e-con e-child\" data-id=\"f82e055\" data-element_type=\"container\">\n\t\t<div class=\"elementor-element elementor-element-6d3ed97 e-con-full e-flex e-con e-child\" data-id=\"6d3ed97\" data-element_type=\"container\">\n\t\t\t\t<div class=\"elementor-element elementor-element-f9b8926 elementor-widget elementor-widget-text-editor\" data-id=\"f9b8926\" data-element_type=\"widget\" data-widget_type=\"text-editor.default\">\n\t\t\t\t\t\t\t\t\t<p>H\u00e4\u00e4kuvamme ylittiv\u00e4t kaikki odotukset, ne ovat niin tunnelmallisia, el\u00e4vi\u00e4 ja kauniita, ett\u00e4 on mahdotonta valita suosikkia! H\u00e4\u00e4p\u00e4iv\u00e4n\u00e4 loitte niin mukavan ja rennon ilmapiirin, kaikki oli helppoa ja luonnollista. Emme saaneet vain valokuvia, saimme aidon tarinan p\u00e4iv\u00e4st\u00e4mme, t\u00e4ynn\u00e4 tunteita, naurua ja rakkautta jokaisessa yksityiskohdassa. Kiitos teille lahjakkuudestanne ja syd\u00e4mest\u00e4, jonka laitatte jokaiseen kuvaukseen!   <\/p>\t\t\t\t\t\t\t\t<\/div>\n\t\t\t\t<div class=\"elementor-element elementor-element-aac9f0f elementor-widget elementor-widget-text-editor\" data-id=\"aac9f0f\" data-element_type=\"widget\" data-widget_type=\"text-editor.default\">\n\t\t\t\t\t\t\t\t\t<p><b>Fatim &amp; Rasmus<\/b><\/p>\t\t\t\t\t\t\t\t<\/div>\n\t\t\t\t<\/div>\n\t\t\t\t<\/div>\n\t\t\t\t\t<\/div>\n\t\t\t\t<\/div>\n\t\t<div class=\"elementor-element elementor-element-b91f9af e-flex e-con-boxed e-con e-parent\" data-id=\"b91f9af\" data-element_type=\"container\">\n\t\t\t\t\t<div class=\"e-con-inner\">\n\t\t\t\t<div class=\"elementor-element elementor-element-a0a3da9 elementor-nav-menu__align-center elementor-nav-menu--dropdown-none elementor-widget elementor-widget-nav-menu\" data-id=\"a0a3da9\" data-element_type=\"widget\" data-settings=\"{&quot;layout&quot;:&quot;horizontal&quot;,&quot;submenu_icon&quot;:{&quot;value&quot;:&quot;&lt;svg aria-hidden=\\&quot;true\\&quot; class=\\&quot;e-font-icon-svg e-fas-caret-down\\&quot; viewBox=\\&quot;0 0 320 512\\&quot; xmlns=\\&quot;http:\\\/\\\/www.w3.org\\\/2000\\\/svg\\&quot;&gt;&lt;path d=\\&quot;M31.3 192h257.3c17.8 0 26.7 21.5 14.1 34.1L174.1 354.8c-7.8 7.8-20.5 7.8-28.3 0L17.2 226.1C4.6 213.5 13.5 192 31.3 192z\\&quot;&gt;&lt;\\\/path&gt;&lt;\\\/svg&gt;&quot;,&quot;library&quot;:&quot;fa-solid&quot;}}\" data-widget_type=\"nav-menu.default\">\n\t\t\t\t\t\t\t\t<nav aria-label=\"Menu\" class=\"elementor-nav-menu--main elementor-nav-menu__container elementor-nav-menu--layout-horizontal e--pointer-underline e--animation-slide\">\n\t\t\t\t<ul id=\"menu-1-a0a3da9\" class=\"elementor-nav-menu\"><li class=\"menu-item menu-item-type-post_type menu-item-object-page menu-item-223\"><a href=\"https:\/\/rahufilm.com\/?page_id=220&#038;lang=ru\" class=\"elementor-item\">Review<\/a><\/li>\n<\/ul>\t\t\t<\/nav>\n\t\t\t\t\t\t<nav class=\"elementor-nav-menu--dropdown elementor-nav-menu__container\" aria-hidden=\"true\">\n\t\t\t\t<ul id=\"menu-2-a0a3da9\" class=\"elementor-nav-menu\"><li class=\"menu-item menu-item-type-post_type menu-item-object-page menu-item-223\"><a href=\"https:\/\/rahufilm.com\/?page_id=220&#038;lang=ru\" class=\"elementor-item\" tabindex=\"-1\">Review<\/a><\/li>\n<\/ul>\t\t\t<\/nav>\n\t\t\t\t\t\t<\/div>\n\t\t\t\t\t<\/div>\n\t\t\t\t<\/div>\n\t\t\t\t<\/div>\n\t\t","protected":false},"excerpt":{"rendered":"<p>https:\/\/rahufilm.com\/wp-content\/uploads\/2025\/10\/\u0432-\u0448\u0430\u043f\u043a\u0443-\u0441\u0430\u0439\u0442\u0430.mp4https:\/\/rahufilm.com\/wp-content\/uploads\/2025\/10\/\u0432-\u0448\u0430\u043f\u043a\u0443-\u0441\u0430\u0439\u0442\u0430.mp4 Jokainen h\u00e4\u00e4t ovat kertomus ihmisist\u00e4 ja heid\u00e4n aidoista tunteistaan. Seuraamme tarinoiden syntymist\u00e4, vangitsemme satunnaisia hymyj\u00e4 ja vilpitt\u00f6mi\u00e4 katseita &#8211; asioita, joita ei voi j\u00e4ljitell\u00e4.My\u00f6hemmin vieraat muistelevat t\u00e4t\u00e4 p\u00e4iv\u00e4\u00e4, ja me uskomme: muistoja ei pit\u00e4isi kertoa, vaan n\u00e4ytt\u00e4\u00e4 h\u00e4\u00e4videon ja -kuvien kautta. Kun teid\u00e4n p\u00e4iv\u00e4nne koittaa &#8211; p\u00e4\u00e4st\u00e4k\u00e4\u00e4 irti kontrollista, el\u00e4k\u00e4\u00e4 vain, ja me luomme [&hellip;]<\/p>\n","protected":false},"author":1,"featured_media":0,"parent":0,"menu_order":0,"comment_status":"closed","ping_status":"closed","template":"","meta":{"footnotes":""},"folder":[],"class_list":["post-2604","page","type-page","status-publish","hentry"],"_links":{"self":[{"href":"https:\/\/rahufilm.com\/index.php?rest_route=\/wp\/v2\/pages\/2604","targetHints":{"allow":["GET"]}}],"collection":[{"href":"https:\/\/rahufilm.com\/index.php?rest_route=\/wp\/v2\/pages"}],"about":[{"href":"https:\/\/rahufilm.com\/index.php?rest_route=\/wp\/v2\/types\/page"}],"author":[{"embeddable":true,"href":"https:\/\/rahufilm.com\/index.php?rest_route=\/wp\/v2\/users\/1"}],"replies":[{"embeddable":true,"href":"https:\/\/rahufilm.com\/index.php?rest_route=%2Fwp%2Fv2%2Fcomments&post=2604"}],"version-history":[{"count":5,"href":"https:\/\/rahufilm.com\/index.php?rest_route=\/wp\/v2\/pages\/2604\/revisions"}],"predecessor-version":[{"id":2828,"href":"https:\/\/rahufilm.com\/index.php?rest_route=\/wp\/v2\/pages\/2604\/revisions\/2828"}],"wp:attachment":[{"href":"https:\/\/rahufilm.com\/index.php?rest_route=%2Fwp%2Fv2%2Fmedia&parent=2604"}],"wp:term":[{"taxonomy":"folder","embeddable":true,"href":"https:\/\/rahufilm.com\/index.php?rest_route=%2Fwp%2Fv2%2Ffolder&post=2604"}],"curies":[{"name":"wp","href":"https:\/\/api.w.org\/{rel}","templated":true}]}}