{"id":2628,"date":"2025-11-05T00:13:43","date_gmt":"2025-11-05T00:13:43","guid":{"rendered":"https:\/\/rahufilm.com\/?page_id=2628"},"modified":"2025-11-20T17:39:06","modified_gmt":"2025-11-20T17:39:06","slug":"arvostelu","status":"publish","type":"page","link":"https:\/\/rahufilm.com\/?page_id=2628&lang=fi","title":{"rendered":"Arvostelu"},"content":{"rendered":"\t\t<div data-elementor-type=\"wp-page\" data-elementor-id=\"2628\" class=\"elementor elementor-2628 elementor-220\" data-elementor-post-type=\"page\">\n\t\t\t\t<div class=\"elementor-element elementor-element-75a1412 e-flex e-con-boxed e-con e-parent\" data-id=\"75a1412\" data-element_type=\"container\">\n\t\t\t\t\t<div class=\"e-con-inner\">\n\t\t<div class=\"elementor-element elementor-element-6e98d68 e-con-full e-flex e-con e-child\" data-id=\"6e98d68\" data-element_type=\"container\">\n\t\t<div class=\"elementor-element elementor-element-88461c6 e-con-full e-flex e-con e-child\" data-id=\"88461c6\" data-element_type=\"container\">\n\t\t\t\t<div class=\"elementor-element elementor-element-d5f78a5 elementor-widget elementor-widget-image\" data-id=\"d5f78a5\" data-element_type=\"widget\" data-widget_type=\"image.default\">\n\t\t\t\t\t\t\t\t\t\t\t\t\t\t\t<img fetchpriority=\"high\" decoding=\"async\" width=\"684\" height=\"1024\" src=\"https:\/\/rahufilm.com\/wp-content\/uploads\/2025\/11\/Fatim-Rasmus-684x1024.jpg\" class=\"attachment-large size-large wp-image-965\" alt=\"\" srcset=\"https:\/\/rahufilm.com\/wp-content\/uploads\/2025\/11\/Fatim-Rasmus-684x1024.jpg 684w, https:\/\/rahufilm.com\/wp-content\/uploads\/2025\/11\/Fatim-Rasmus-200x300.jpg 200w, https:\/\/rahufilm.com\/wp-content\/uploads\/2025\/11\/Fatim-Rasmus-768x1151.jpg 768w, https:\/\/rahufilm.com\/wp-content\/uploads\/2025\/11\/Fatim-Rasmus-1025x1536.jpg 1025w, https:\/\/rahufilm.com\/wp-content\/uploads\/2025\/11\/Fatim-Rasmus.jpg 1367w\" sizes=\"(max-width: 684px) 100vw, 684px\" \/>\t\t\t\t\t\t\t\t\t\t\t\t\t\t\t<\/div>\n\t\t\t\t<\/div>\n\t\t<div class=\"elementor-element elementor-element-87bec40 e-con-full e-flex e-con e-child\" data-id=\"87bec40\" data-element_type=\"container\">\n\t\t\t\t<div class=\"elementor-element elementor-element-80dc9d8 elementor-widget elementor-widget-text-editor\" data-id=\"80dc9d8\" data-element_type=\"widget\" data-widget_type=\"text-editor.default\">\n\t\t\t\t\t\t\t\t\t<p><b>Fatim &amp; Rasmus<\/b><\/p>\t\t\t\t\t\t\t\t<\/div>\n\t\t\t\t<div class=\"elementor-element elementor-element-f5212ea elementor-widget elementor-widget-text-editor\" data-id=\"f5212ea\" data-element_type=\"widget\" data-widget_type=\"text-editor.default\">\n\t\t\t\t\t\t\t\t\t<p>H\u00e4\u00e4kuvamme ylittiv\u00e4t kaikki odotukset, ne ovat niin tunnelmallisia, el\u00e4vi\u00e4 ja kauniita, ett\u00e4 on mahdotonta valita suosikkia! H\u00e4\u00e4p\u00e4iv\u00e4n\u00e4 loitte niin mukavan ja rennon ilmapiirin, kaikki oli helppoa ja luonnollista. Emme saaneet vain valokuvia, vaan aidon tarinan p\u00e4iv\u00e4st\u00e4mme, t\u00e4ynn\u00e4 tunteita, naurua ja rakkautta jokaisessa yksityiskohdassa. Kiitos lahjakkuudestanne ja syd\u00e4mest\u00e4, jonka laitatte jokaiseen kuvaukseen!<\/p>\t\t\t\t\t\t\t\t<\/div>\n\t\t\t\t<\/div>\n\t\t\t\t<\/div>\n\t\t\t\t\t<\/div>\n\t\t\t\t<\/div>\n\t\t<div class=\"elementor-element elementor-element-ef5de7a e-flex e-con-boxed e-con e-parent\" data-id=\"ef5de7a\" data-element_type=\"container\">\n\t\t\t\t\t<div class=\"e-con-inner\">\n\t\t<div class=\"elementor-element elementor-element-7805974 e-con-full e-flex e-con e-child\" data-id=\"7805974\" data-element_type=\"container\">\n\t\t<div class=\"elementor-element elementor-element-a060554 e-con-full e-flex e-con e-child\" data-id=\"a060554\" data-element_type=\"container\">\n\t\t\t\t<div class=\"elementor-element elementor-element-c31f46c elementor-widget elementor-widget-image\" data-id=\"c31f46c\" data-element_type=\"widget\" data-widget_type=\"image.default\">\n\t\t\t\t\t\t\t\t\t\t\t\t\t\t\t<img decoding=\"async\" width=\"683\" height=\"1024\" src=\"https:\/\/rahufilm.com\/wp-content\/uploads\/2025\/11\/Tiina-Tommy-683x1024.jpg\" class=\"attachment-large size-large wp-image-970\" alt=\"\" srcset=\"https:\/\/rahufilm.com\/wp-content\/uploads\/2025\/11\/Tiina-Tommy-683x1024.jpg 683w, https:\/\/rahufilm.com\/wp-content\/uploads\/2025\/11\/Tiina-Tommy-200x300.jpg 200w, https:\/\/rahufilm.com\/wp-content\/uploads\/2025\/11\/Tiina-Tommy-768x1151.jpg 768w, https:\/\/rahufilm.com\/wp-content\/uploads\/2025\/11\/Tiina-Tommy-1025x1536.jpg 1025w, https:\/\/rahufilm.com\/wp-content\/uploads\/2025\/11\/Tiina-Tommy-1367x2048.jpg 1367w, https:\/\/rahufilm.com\/wp-content\/uploads\/2025\/11\/Tiina-Tommy.jpg 1445w\" sizes=\"(max-width: 683px) 100vw, 683px\" \/>\t\t\t\t\t\t\t\t\t\t\t\t\t\t\t<\/div>\n\t\t\t\t<\/div>\n\t\t<div class=\"elementor-element elementor-element-8686258 e-con-full e-flex e-con e-child\" data-id=\"8686258\" data-element_type=\"container\">\n\t\t\t\t<div class=\"elementor-element elementor-element-6bb68ef elementor-widget elementor-widget-text-editor\" data-id=\"6bb68ef\" data-element_type=\"widget\" data-widget_type=\"text-editor.default\">\n\t\t\t\t\t\t\t\t\t<p><b>Tiina &amp; Tommy<\/b><\/p>\t\t\t\t\t\t\t\t<\/div>\n\t\t\t\t<div class=\"elementor-element elementor-element-2328fa5 elementor-widget elementor-widget-text-editor\" data-id=\"2328fa5\" data-element_type=\"widget\" data-widget_type=\"text-editor.default\">\n\t\t\t\t\t\t\t\t\t<p>Olemme jo katsoneet videon ja kuvat useita kertoja &#8211; pid\u00e4mme niist\u00e4 todella paljon! Erityisen mukavaa on muistella, kuinka helposti ja ammattimaisesti ty\u00f6skentelitte, yst\u00e4v\u00e4llisesti, rauhallisesti ja yksityiskohtiin huomiota kiinnitt\u00e4en. Emme hetke\u00e4k\u00e4\u00e4n katuneet, ett\u00e4 tilasimme teilt\u00e4 molemmat palvelut samalla kertaa. Se teki h\u00e4ihimme valmistautumisesta paljon mukavampaa.<\/p>\t\t\t\t\t\t\t\t<\/div>\n\t\t\t\t<\/div>\n\t\t\t\t<\/div>\n\t\t\t\t\t<\/div>\n\t\t\t\t<\/div>\n\t\t<div class=\"elementor-element elementor-element-1c6ef6b e-flex e-con-boxed e-con e-parent\" data-id=\"1c6ef6b\" data-element_type=\"container\">\n\t\t\t\t\t<div class=\"e-con-inner\">\n\t\t<div class=\"elementor-element elementor-element-f5e5535 e-con-full e-flex e-con e-child\" data-id=\"f5e5535\" data-element_type=\"container\">\n\t\t<div class=\"elementor-element elementor-element-4743130 e-con-full e-flex e-con e-child\" data-id=\"4743130\" data-element_type=\"container\">\n\t\t\t\t<div class=\"elementor-element elementor-element-2f4e131 elementor-widget elementor-widget-image\" data-id=\"2f4e131\" data-element_type=\"widget\" data-widget_type=\"image.default\">\n\t\t\t\t\t\t\t\t\t\t\t\t\t\t\t<img decoding=\"async\" width=\"683\" height=\"1024\" src=\"https:\/\/rahufilm.com\/wp-content\/uploads\/2025\/11\/Arsel-Darja-683x1024.webp\" class=\"attachment-large size-large wp-image-967\" alt=\"\" srcset=\"https:\/\/rahufilm.com\/wp-content\/uploads\/2025\/11\/Arsel-Darja-683x1024.webp 683w, https:\/\/rahufilm.com\/wp-content\/uploads\/2025\/11\/Arsel-Darja-200x300.webp 200w, https:\/\/rahufilm.com\/wp-content\/uploads\/2025\/11\/Arsel-Darja-768x1152.webp 768w, https:\/\/rahufilm.com\/wp-content\/uploads\/2025\/11\/Arsel-Darja-1024x1536.webp 1024w, https:\/\/rahufilm.com\/wp-content\/uploads\/2025\/11\/Arsel-Darja.webp 1168w\" sizes=\"(max-width: 683px) 100vw, 683px\" \/>\t\t\t\t\t\t\t\t\t\t\t\t\t\t\t<\/div>\n\t\t\t\t<\/div>\n\t\t<div class=\"elementor-element elementor-element-9237c98 e-con-full e-flex e-con e-child\" data-id=\"9237c98\" data-element_type=\"container\">\n\t\t\t\t<div class=\"elementor-element elementor-element-b9b24e0 elementor-widget elementor-widget-text-editor\" data-id=\"b9b24e0\" data-element_type=\"widget\" data-widget_type=\"text-editor.default\">\n\t\t\t\t\t\t\t\t\t<p><b>Arsel<\/b> <b>&amp; Darja<\/b><\/p>\t\t\t\t\t\t\t\t<\/div>\n\t\t\t\t<div class=\"elementor-element elementor-element-e850d1f elementor-widget elementor-widget-text-editor\" data-id=\"e850d1f\" data-element_type=\"widget\" data-widget_type=\"text-editor.default\">\n\t\t\t\t\t\t\t\t\t<p>Olemme kiitollisia Denisille ja h\u00e4nen tiimilleen kauniiden h\u00e4idemme kuvaamisesta. Heid\u00e4n kuvansa ja videonsa ovat yksinkertaisesti upeita! Minulla on edelleen kyyneleet silmiss\u00e4 joka kerta, kun katson taianomaista videoamme. Suosittelen Denisi\u00e4 100-prosenttisesti kaikille pareille, sill\u00e4 heid\u00e4n h\u00e4\u00e4p\u00e4iv\u00e4ns\u00e4 ansaitsee tulla ikuistetuksi todellisten ammattilaisten toimesta!<\/p>\t\t\t\t\t\t\t\t<\/div>\n\t\t\t\t<\/div>\n\t\t\t\t<\/div>\n\t\t\t\t\t<\/div>\n\t\t\t\t<\/div>\n\t\t<div class=\"elementor-element elementor-element-a9ef787 e-flex e-con-boxed e-con e-parent\" data-id=\"a9ef787\" data-element_type=\"container\">\n\t\t\t\t\t<div class=\"e-con-inner\">\n\t\t<div class=\"elementor-element elementor-element-422846a e-con-full e-flex e-con e-child\" data-id=\"422846a\" data-element_type=\"container\">\n\t\t<div class=\"elementor-element elementor-element-db7c897 e-con-full e-flex e-con e-child\" data-id=\"db7c897\" data-element_type=\"container\">\n\t\t\t\t<div class=\"elementor-element elementor-element-6fa4c88 elementor-widget elementor-widget-image\" data-id=\"6fa4c88\" data-element_type=\"widget\" data-widget_type=\"image.default\">\n\t\t\t\t\t\t\t\t\t\t\t\t\t\t\t<img loading=\"lazy\" decoding=\"async\" width=\"683\" height=\"1024\" src=\"https:\/\/rahufilm.com\/wp-content\/uploads\/2025\/11\/Dmitry-Oksana-683x1024.jpg\" class=\"attachment-large size-large wp-image-968\" alt=\"\" srcset=\"https:\/\/rahufilm.com\/wp-content\/uploads\/2025\/11\/Dmitry-Oksana-683x1024.jpg 683w, https:\/\/rahufilm.com\/wp-content\/uploads\/2025\/11\/Dmitry-Oksana-200x300.jpg 200w, https:\/\/rahufilm.com\/wp-content\/uploads\/2025\/11\/Dmitry-Oksana-768x1152.jpg 768w, https:\/\/rahufilm.com\/wp-content\/uploads\/2025\/11\/Dmitry-Oksana-1024x1536.jpg 1024w, https:\/\/rahufilm.com\/wp-content\/uploads\/2025\/11\/Dmitry-Oksana.jpg 1168w\" sizes=\"(max-width: 683px) 100vw, 683px\" \/>\t\t\t\t\t\t\t\t\t\t\t\t\t\t\t<\/div>\n\t\t\t\t<\/div>\n\t\t<div class=\"elementor-element elementor-element-d45abbe e-con-full e-flex e-con e-child\" data-id=\"d45abbe\" data-element_type=\"container\">\n\t\t\t\t<div class=\"elementor-element elementor-element-a407d60 elementor-widget elementor-widget-text-editor\" data-id=\"a407d60\" data-element_type=\"widget\" data-widget_type=\"text-editor.default\">\n\t\t\t\t\t\t\t\t\t<p><b>Dmitry &amp; Oksana<\/b><\/p>\t\t\t\t\t\t\t\t<\/div>\n\t\t\t\t<div class=\"elementor-element elementor-element-c27dc8d elementor-widget elementor-widget-text-editor\" data-id=\"c27dc8d\" data-element_type=\"widget\" data-widget_type=\"text-editor.default\">\n\t\t\t\t\t\t\t\t\t<p>Kiitos h\u00e4\u00e4videoista. Olemme innostuneita! Todella hienoja hetki\u00e4, niin suloisesti valittuja otoksia, my\u00f6s musiikki on hyvin valittu. Ja valokuvista tilasimme jopa albumin. Video- ja valokuvauksen aikana oli todella helppoa olla. Ja se on t\u00e4rke\u00e4\u00e4. Suurkiitos koko perheelt\u00e4mme.<\/p>\t\t\t\t\t\t\t\t<\/div>\n\t\t\t\t<\/div>\n\t\t\t\t<\/div>\n\t\t\t\t\t<\/div>\n\t\t\t\t<\/div>\n\t\t<div class=\"elementor-element elementor-element-416ae2a e-flex e-con-boxed e-con e-parent\" data-id=\"416ae2a\" data-element_type=\"container\">\n\t\t\t\t\t<div class=\"e-con-inner\">\n\t\t<div class=\"elementor-element elementor-element-5d5eb52 e-con-full e-flex e-con e-child\" data-id=\"5d5eb52\" data-element_type=\"container\">\n\t\t<div class=\"elementor-element elementor-element-13667b7 e-con-full e-flex e-con e-child\" data-id=\"13667b7\" data-element_type=\"container\">\n\t\t\t\t<div class=\"elementor-element elementor-element-00318a0 elementor-widget elementor-widget-image\" data-id=\"00318a0\" data-element_type=\"widget\" data-widget_type=\"image.default\">\n\t\t\t\t\t\t\t\t\t\t\t\t\t\t\t<img loading=\"lazy\" decoding=\"async\" width=\"682\" height=\"1024\" src=\"https:\/\/rahufilm.com\/wp-content\/uploads\/2025\/11\/Mark-Olga-682x1024.png\" class=\"attachment-large size-large wp-image-969\" alt=\"\" srcset=\"https:\/\/rahufilm.com\/wp-content\/uploads\/2025\/11\/Mark-Olga-682x1024.png 682w, https:\/\/rahufilm.com\/wp-content\/uploads\/2025\/11\/Mark-Olga-200x300.png 200w, https:\/\/rahufilm.com\/wp-content\/uploads\/2025\/11\/Mark-Olga.png 719w\" sizes=\"(max-width: 682px) 100vw, 682px\" \/>\t\t\t\t\t\t\t\t\t\t\t\t\t\t\t<\/div>\n\t\t\t\t<\/div>\n\t\t<div class=\"elementor-element elementor-element-2b55d0b e-con-full e-flex e-con e-child\" data-id=\"2b55d0b\" data-element_type=\"container\">\n\t\t\t\t<div class=\"elementor-element elementor-element-2e27741 elementor-widget elementor-widget-text-editor\" data-id=\"2e27741\" data-element_type=\"widget\" data-widget_type=\"text-editor.default\">\n\t\t\t\t\t\t\t\t\t<p><b>Mark &amp; Olga <\/b><\/p>\t\t\t\t\t\t\t\t<\/div>\n\t\t\t\t<div class=\"elementor-element elementor-element-2310cd7 elementor-widget elementor-widget-text-editor\" data-id=\"2310cd7\" data-element_type=\"widget\" data-widget_type=\"text-editor.default\">\n\t\t\t\t\t\t\t\t\t<p>Kiitos Denis, todella hienoa, syd\u00e4mellist\u00e4, koskettavaa ja paikoin humoristista, pidimme siit\u00e4 todella paljon.<\/p>\t\t\t\t\t\t\t\t<\/div>\n\t\t\t\t<\/div>\n\t\t\t\t<\/div>\n\t\t\t\t\t<\/div>\n\t\t\t\t<\/div>\n\t\t<div class=\"elementor-element elementor-element-f8fc54e e-flex e-con-boxed e-con e-parent\" data-id=\"f8fc54e\" data-element_type=\"container\">\n\t\t\t\t\t<div class=\"e-con-inner\">\n\t\t<div class=\"elementor-element elementor-element-2633a98 e-con-full e-flex e-con e-child\" data-id=\"2633a98\" data-element_type=\"container\">\n\t\t<div class=\"elementor-element elementor-element-bbd6ae7 e-con-full e-flex e-con e-child\" data-id=\"bbd6ae7\" data-element_type=\"container\">\n\t\t\t\t<div class=\"elementor-element elementor-element-560cd61 elementor-widget elementor-widget-image\" data-id=\"560cd61\" data-element_type=\"widget\" data-widget_type=\"image.default\">\n\t\t\t\t\t\t\t\t\t\t\t\t\t\t\t<img loading=\"lazy\" decoding=\"async\" width=\"684\" height=\"1024\" src=\"https:\/\/rahufilm.com\/wp-content\/uploads\/2025\/11\/Alex-Alina-684x1024.webp\" class=\"attachment-large size-large wp-image-966\" alt=\"\" srcset=\"https:\/\/rahufilm.com\/wp-content\/uploads\/2025\/11\/Alex-Alina-684x1024.webp 684w, https:\/\/rahufilm.com\/wp-content\/uploads\/2025\/11\/Alex-Alina-200x300.webp 200w, https:\/\/rahufilm.com\/wp-content\/uploads\/2025\/11\/Alex-Alina-768x1150.webp 768w, https:\/\/rahufilm.com\/wp-content\/uploads\/2025\/11\/Alex-Alina-1025x1536.webp 1025w, https:\/\/rahufilm.com\/wp-content\/uploads\/2025\/11\/Alex-Alina-1367x2048.webp 1367w, https:\/\/rahufilm.com\/wp-content\/uploads\/2025\/11\/Alex-Alina.webp 1709w\" sizes=\"(max-width: 684px) 100vw, 684px\" \/>\t\t\t\t\t\t\t\t\t\t\t\t\t\t\t<\/div>\n\t\t\t\t<\/div>\n\t\t<div class=\"elementor-element elementor-element-6022506 e-con-full e-flex e-con e-child\" data-id=\"6022506\" data-element_type=\"container\">\n\t\t\t\t<div class=\"elementor-element elementor-element-fe6dcdf elementor-widget elementor-widget-text-editor\" data-id=\"fe6dcdf\" data-element_type=\"widget\" data-widget_type=\"text-editor.default\">\n\t\t\t\t\t\t\t\t\t<p><b>Alex<\/b> <b>&amp; Alina<\/b><\/p>\t\t\t\t\t\t\t\t<\/div>\n\t\t\t\t<div class=\"elementor-element elementor-element-66fb778 elementor-widget elementor-widget-text-editor\" data-id=\"66fb778\" data-element_type=\"widget\" data-widget_type=\"text-editor.default\">\n\t\t\t\t\t\t\t\t\t<p>Olemme eritt\u00e4in tyytyv\u00e4isi\u00e4 sek\u00e4 traileriin ett\u00e4 taiteelliseen elokuvaan! H\u00e4n on todellinen ammattilainen, joka tekee ty\u00f6ns\u00e4 t\u00e4ysin huomaamattomasti, ja tulos on upea! Lis\u00e4ksi Denis on eritt\u00e4in kohtelias ja miellytt\u00e4v\u00e4 henkil\u00f6! Kiitos, ett\u00e4 ikuistitte p\u00e4iv\u00e4mme.<\/p>\t\t\t\t\t\t\t\t<\/div>\n\t\t\t\t<\/div>\n\t\t\t\t<\/div>\n\t\t\t\t\t<\/div>\n\t\t\t\t<\/div>\n\t\t\t\t<\/div>\n\t\t","protected":false},"excerpt":{"rendered":"<p>Fatim &amp; Rasmus H\u00e4\u00e4kuvamme ylittiv\u00e4t kaikki odotukset, ne ovat niin tunnelmallisia, el\u00e4vi\u00e4 ja kauniita, ett\u00e4 on mahdotonta valita suosikkia! H\u00e4\u00e4p\u00e4iv\u00e4n\u00e4 loitte niin mukavan ja rennon ilmapiirin, kaikki oli helppoa ja luonnollista. Emme saaneet vain valokuvia, vaan aidon tarinan p\u00e4iv\u00e4st\u00e4mme, t\u00e4ynn\u00e4 tunteita, naurua ja rakkautta jokaisessa yksityiskohdassa. Kiitos lahjakkuudestanne ja syd\u00e4mest\u00e4, jonka laitatte jokaiseen kuvaukseen! Tiina [&hellip;]<\/p>\n","protected":false},"author":1,"featured_media":0,"parent":0,"menu_order":0,"comment_status":"closed","ping_status":"closed","template":"","meta":{"footnotes":""},"folder":[],"class_list":["post-2628","page","type-page","status-publish","hentry"],"_links":{"self":[{"href":"https:\/\/rahufilm.com\/index.php?rest_route=\/wp\/v2\/pages\/2628","targetHints":{"allow":["GET"]}}],"collection":[{"href":"https:\/\/rahufilm.com\/index.php?rest_route=\/wp\/v2\/pages"}],"about":[{"href":"https:\/\/rahufilm.com\/index.php?rest_route=\/wp\/v2\/types\/page"}],"author":[{"embeddable":true,"href":"https:\/\/rahufilm.com\/index.php?rest_route=\/wp\/v2\/users\/1"}],"replies":[{"embeddable":true,"href":"https:\/\/rahufilm.com\/index.php?rest_route=%2Fwp%2Fv2%2Fcomments&post=2628"}],"version-history":[{"count":1,"href":"https:\/\/rahufilm.com\/index.php?rest_route=\/wp\/v2\/pages\/2628\/revisions"}],"predecessor-version":[{"id":2629,"href":"https:\/\/rahufilm.com\/index.php?rest_route=\/wp\/v2\/pages\/2628\/revisions\/2629"}],"wp:attachment":[{"href":"https:\/\/rahufilm.com\/index.php?rest_route=%2Fwp%2Fv2%2Fmedia&parent=2628"}],"wp:term":[{"taxonomy":"folder","embeddable":true,"href":"https:\/\/rahufilm.com\/index.php?rest_route=%2Fwp%2Fv2%2Ffolder&post=2628"}],"curies":[{"name":"wp","href":"https:\/\/api.w.org\/{rel}","templated":true}]}}