{"id":2694,"date":"2025-10-29T17:18:27","date_gmt":"2025-10-29T17:18:27","guid":{"rendered":"https:\/\/rahufilm.com\/?page_id=2694"},"modified":"2025-11-26T17:43:10","modified_gmt":"2025-11-26T17:43:10","slug":"avaleht","status":"publish","type":"page","link":"https:\/\/rahufilm.com\/?page_id=2694&lang=et","title":{"rendered":"Avaleht"},"content":{"rendered":"\t\t<div data-elementor-type=\"wp-page\" data-elementor-id=\"2694\" class=\"elementor elementor-2694 elementor-52\" data-elementor-post-type=\"page\">\n\t\t\t\t<div class=\"elementor-element elementor-element-158a909 elementor-hidden-mobile e-flex e-con-boxed e-con e-parent\" data-id=\"158a909\" data-element_type=\"container\">\n\t\t\t\t\t<div class=\"e-con-inner\">\n\t\t\t\t<div class=\"elementor-element elementor-element-b3220ce elementor-widget elementor-widget-video\" data-id=\"b3220ce\" data-element_type=\"widget\" data-settings=\"{&quot;video_type&quot;:&quot;hosted&quot;,&quot;autoplay&quot;:&quot;yes&quot;,&quot;play_on_mobile&quot;:&quot;yes&quot;,&quot;mute&quot;:&quot;yes&quot;,&quot;loop&quot;:&quot;yes&quot;}\" data-widget_type=\"video.default\">\n\t\t\t\t\t\t\t<div class=\"e-hosted-video elementor-wrapper elementor-open-inline\">\n\t\t\t\t\t<video class=\"elementor-video\" src=\"https:\/\/rahufilm.com\/wp-content\/uploads\/2025\/10\/\u0432-\u0448\u0430\u043f\u043a\u0443-\u0441\u0430\u0439\u0442\u0430.mp4\" autoplay=\"\" loop=\"\" muted=\"muted\" playsinline=\"\" controlsList=\"nodownload\"><\/video>\n\t\t\t\t<\/div>\n\t\t\t\t\t\t<\/div>\n\t\t\t\t\t<\/div>\n\t\t\t\t<\/div>\n\t\t<div class=\"elementor-element elementor-element-cd603cc elementor-hidden-desktop elementor-hidden-tablet e-flex e-con-boxed e-con e-parent\" data-id=\"cd603cc\" data-element_type=\"container\">\n\t\t\t\t\t<div class=\"e-con-inner\">\n\t\t\t\t<div class=\"elementor-element elementor-element-0051fda elementor-widget elementor-widget-video\" data-id=\"0051fda\" data-element_type=\"widget\" data-settings=\"{&quot;video_type&quot;:&quot;hosted&quot;,&quot;autoplay&quot;:&quot;yes&quot;,&quot;play_on_mobile&quot;:&quot;yes&quot;,&quot;mute&quot;:&quot;yes&quot;,&quot;loop&quot;:&quot;yes&quot;}\" data-widget_type=\"video.default\">\n\t\t\t\t\t\t\t<div class=\"e-hosted-video elementor-wrapper elementor-open-inline\">\n\t\t\t\t\t<video class=\"elementor-video\" src=\"https:\/\/rahufilm.com\/wp-content\/uploads\/2025\/10\/\u0432-\u0448\u0430\u043f\u043a\u0443-\u0441\u0430\u0439\u0442\u0430.mp4\" autoplay=\"\" loop=\"\" muted=\"muted\" playsinline=\"\" controlsList=\"nodownload\"><\/video>\n\t\t\t\t<\/div>\n\t\t\t\t\t\t<\/div>\n\t\t\t\t\t<\/div>\n\t\t\t\t<\/div>\n\t\t<div class=\"elementor-element elementor-element-046fe75 e-flex e-con-boxed e-con e-parent\" data-id=\"046fe75\" data-element_type=\"container\">\n\t\t\t\t\t<div class=\"e-con-inner\">\n\t\t\t\t<div class=\"elementor-element elementor-element-4d0e480 elementor-widget elementor-widget-text-editor\" data-id=\"4d0e480\" data-element_type=\"widget\" data-widget_type=\"text-editor.default\">\n\t\t\t\t\t\t\t\t\t<p>Iga pulm on lugu inimestest ja nende t\u00f5elistest tunnetest.<\/p><p> Me j\u00e4lgime, kuidas s\u00fcnnivad lood, p\u00fc\u00fcame kinni juhuslikke naeratusi ja siiraid pilke \u2013 seda, mida ei saa teeselda.<br>Hiljem meenutavad k\u00fclalised seda p\u00e4eva ja me usume: m\u00e4lestusi ei pea jutustama, vaid n\u00e4itama pulmavideo ja -fotode kaudu.<\/p><p>Kui saabub teie p\u00e4ev \u2013 laske lahti kontrollist, lihtsalt elage, ja meie loome pulmavideo ja -fotod, hoolitsedes teie m\u00e4lestuste eest!<\/p>\t\t\t\t\t\t\t\t<\/div>\n\t\t\t\t\t<\/div>\n\t\t\t\t<\/div>\n\t\t<div class=\"elementor-element elementor-element-8164c00 e-flex e-con-boxed e-con e-parent\" data-id=\"8164c00\" data-element_type=\"container\">\n\t\t\t\t\t<div class=\"e-con-inner\">\n\t\t<div class=\"elementor-element elementor-element-6dd4743 e-con-full e-flex e-con e-child\" data-id=\"6dd4743\" data-element_type=\"container\">\n\t\t\t\t<div class=\"elementor-element elementor-element-2371bbc elementor-widget elementor-widget-video\" data-id=\"2371bbc\" data-element_type=\"widget\" data-settings=\"{&quot;video_type&quot;:&quot;hosted&quot;,&quot;image_overlay&quot;:{&quot;url&quot;:&quot;https:\\\/\\\/rahufilm.com\\\/wp-content\\\/uploads\\\/2025\\\/11\\\/photo_2025-11-25_14-07-28.jpg&quot;,&quot;id&quot;:2763,&quot;size&quot;:&quot;&quot;,&quot;alt&quot;:&quot;&quot;,&quot;source&quot;:&quot;library&quot;},&quot;show_image_overlay&quot;:&quot;yes&quot;,&quot;controls&quot;:&quot;yes&quot;}\" data-widget_type=\"video.default\">\n\t\t\t\t\t\t\t<div class=\"e-hosted-video elementor-wrapper elementor-open-inline\">\n\t\t\t\t\t<video class=\"elementor-video\" src=\"https:\/\/rahufilm.com\/wp-content\/uploads\/2025\/11\/1.mov\" controls=\"\" preload=\"metadata\" controlsList=\"nodownload\" poster=\"https:\/\/rahufilm.com\/wp-content\/uploads\/2025\/11\/photo_2025-11-25_14-07-28.jpg\"><\/video>\n\t\t\t\t\t\t<div class=\"elementor-custom-embed-image-overlay\" style=\"background-image: url(https:\/\/rahufilm.com\/wp-content\/uploads\/2025\/11\/photo_2025-11-25_14-07-28.jpg);\">\n\t\t\t\t\t\t\t\t\t\t\t\t\t\t\t\t<div class=\"elementor-custom-embed-play\" role=\"button\" aria-label=\"Play Video\" tabindex=\"0\">\n\t\t\t\t\t\t\t<svg aria-hidden=\"true\" class=\"e-font-icon-svg e-eicon-play\" viewBox=\"0 0 1000 1000\" xmlns=\"http:\/\/www.w3.org\/2000\/svg\"><path d=\"M838 162C746 71 633 25 500 25 371 25 258 71 163 162 71 254 25 367 25 500 25 633 71 746 163 837 254 929 367 979 500 979 633 979 746 933 838 837 929 746 975 633 975 500 975 367 929 254 838 162M808 192C892 279 933 379 933 500 933 621 892 725 808 808 725 892 621 938 500 938 379 938 279 896 196 808 113 725 67 621 67 500 67 379 108 279 196 192 279 108 383 62 500 62 621 62 721 108 808 192M438 392V642L642 517 438 392Z\"><\/path><\/svg>\t\t\t\t\t\t<\/div>\n\t\t\t\t\t\t\t\t\t<\/div>\n\t\t\t\t\t<\/div>\n\t\t\t\t\t\t<\/div>\n\t\t\t\t<\/div>\n\t\t<div class=\"elementor-element elementor-element-81e7a47 e-con-full e-flex e-con e-child\" data-id=\"81e7a47\" data-element_type=\"container\">\n\t\t\t\t<div class=\"elementor-element elementor-element-6fddfd1 elementor-widget elementor-widget-video\" data-id=\"6fddfd1\" data-element_type=\"widget\" data-settings=\"{&quot;video_type&quot;:&quot;hosted&quot;,&quot;show_image_overlay&quot;:&quot;yes&quot;,&quot;image_overlay&quot;:{&quot;url&quot;:&quot;https:\\\/\\\/rahufilm.com\\\/wp-content\\\/uploads\\\/2025\\\/11\\\/2-1.jpg&quot;,&quot;id&quot;:1748,&quot;size&quot;:&quot;&quot;,&quot;alt&quot;:&quot;&quot;,&quot;source&quot;:&quot;library&quot;},&quot;controls&quot;:&quot;yes&quot;}\" data-widget_type=\"video.default\">\n\t\t\t\t\t\t\t<div class=\"e-hosted-video elementor-wrapper elementor-open-inline\">\n\t\t\t\t\t<video class=\"elementor-video\" src=\"https:\/\/rahufilm.com\/wp-content\/uploads\/2025\/11\/2.mp4\" controls=\"\" preload=\"metadata\" controlsList=\"nodownload\" poster=\"https:\/\/rahufilm.com\/wp-content\/uploads\/2025\/11\/2-1.jpg\"><\/video>\n\t\t\t\t\t\t<div class=\"elementor-custom-embed-image-overlay\" style=\"background-image: url(https:\/\/rahufilm.com\/wp-content\/uploads\/2025\/11\/2-1.jpg);\">\n\t\t\t\t\t\t\t\t\t\t\t\t\t\t\t\t<div class=\"elementor-custom-embed-play\" role=\"button\" aria-label=\"Play Video\" tabindex=\"0\">\n\t\t\t\t\t\t\t<svg aria-hidden=\"true\" class=\"e-font-icon-svg e-eicon-play\" viewBox=\"0 0 1000 1000\" xmlns=\"http:\/\/www.w3.org\/2000\/svg\"><path d=\"M838 162C746 71 633 25 500 25 371 25 258 71 163 162 71 254 25 367 25 500 25 633 71 746 163 837 254 929 367 979 500 979 633 979 746 933 838 837 929 746 975 633 975 500 975 367 929 254 838 162M808 192C892 279 933 379 933 500 933 621 892 725 808 808 725 892 621 938 500 938 379 938 279 896 196 808 113 725 67 621 67 500 67 379 108 279 196 192 279 108 383 62 500 62 621 62 721 108 808 192M438 392V642L642 517 438 392Z\"><\/path><\/svg>\t\t\t\t\t\t<\/div>\n\t\t\t\t\t\t\t\t\t<\/div>\n\t\t\t\t\t<\/div>\n\t\t\t\t\t\t<\/div>\n\t\t\t\t<\/div>\n\t\t<div class=\"elementor-element elementor-element-30a084a e-con-full e-flex e-con e-child\" data-id=\"30a084a\" data-element_type=\"container\">\n\t\t\t\t<div class=\"elementor-element elementor-element-b955a2f elementor-widget elementor-widget-video\" data-id=\"b955a2f\" data-element_type=\"widget\" data-settings=\"{&quot;video_type&quot;:&quot;hosted&quot;,&quot;show_image_overlay&quot;:&quot;yes&quot;,&quot;image_overlay&quot;:{&quot;url&quot;:&quot;https:\\\/\\\/rahufilm.com\\\/wp-content\\\/uploads\\\/2025\\\/11\\\/photo_2025-11-25_14-18-15.jpg&quot;,&quot;id&quot;:2786,&quot;size&quot;:&quot;&quot;,&quot;alt&quot;:&quot;&quot;,&quot;source&quot;:&quot;library&quot;},&quot;controls&quot;:&quot;yes&quot;}\" data-widget_type=\"video.default\">\n\t\t\t\t\t\t\t<div class=\"e-hosted-video elementor-wrapper elementor-open-inline\">\n\t\t\t\t\t<video class=\"elementor-video\" src=\"https:\/\/rahufilm.com\/wp-content\/uploads\/2025\/11\/7.mp4\" controls=\"\" preload=\"metadata\" controlsList=\"nodownload\" poster=\"https:\/\/rahufilm.com\/wp-content\/uploads\/2025\/11\/photo_2025-11-25_14-18-15.jpg\"><\/video>\n\t\t\t\t\t\t<div class=\"elementor-custom-embed-image-overlay\" style=\"background-image: url(https:\/\/rahufilm.com\/wp-content\/uploads\/2025\/11\/photo_2025-11-25_14-18-15.jpg);\">\n\t\t\t\t\t\t\t\t\t\t\t\t\t\t\t\t<div class=\"elementor-custom-embed-play\" role=\"button\" aria-label=\"Play Video\" tabindex=\"0\">\n\t\t\t\t\t\t\t<svg aria-hidden=\"true\" class=\"e-font-icon-svg e-eicon-play\" viewBox=\"0 0 1000 1000\" xmlns=\"http:\/\/www.w3.org\/2000\/svg\"><path d=\"M838 162C746 71 633 25 500 25 371 25 258 71 163 162 71 254 25 367 25 500 25 633 71 746 163 837 254 929 367 979 500 979 633 979 746 933 838 837 929 746 975 633 975 500 975 367 929 254 838 162M808 192C892 279 933 379 933 500 933 621 892 725 808 808 725 892 621 938 500 938 379 938 279 896 196 808 113 725 67 621 67 500 67 379 108 279 196 192 279 108 383 62 500 62 621 62 721 108 808 192M438 392V642L642 517 438 392Z\"><\/path><\/svg>\t\t\t\t\t\t<\/div>\n\t\t\t\t\t\t\t\t\t<\/div>\n\t\t\t\t\t<\/div>\n\t\t\t\t\t\t<\/div>\n\t\t\t\t<\/div>\n\t\t\t\t\t<\/div>\n\t\t\t\t<\/div>\n\t\t<div class=\"elementor-element elementor-element-6c7b93f e-flex e-con-boxed e-con e-parent\" data-id=\"6c7b93f\" data-element_type=\"container\">\n\t\t\t\t\t<div class=\"e-con-inner\">\n\t\t<div class=\"elementor-element elementor-element-af6d89d e-con-full e-flex e-con e-child\" data-id=\"af6d89d\" data-element_type=\"container\">\n\t\t<div class=\"elementor-element elementor-element-40b7dca e-con-full e-flex e-con e-child\" data-id=\"40b7dca\" data-element_type=\"container\">\n\t\t\t\t<div class=\"elementor-element elementor-element-846e036 elementor-widget elementor-widget-text-editor\" data-id=\"846e036\" data-element_type=\"widget\" data-widget_type=\"text-editor.default\">\n\t\t\t\t\t\t\t\t\t<p>Oleme \u0161okis! Meil oli suur \u00f5nn teid leida! K\u00f5ik on uskumatult ilus ja oleme vaimustuses sellest, et pulmak\u00f5ne sai v\u00f5tmemomentiks! Meie filmi vaadates n\u00e4gime vaeva, naersime ja r\u00f5\u00f5mustasime. Suur t\u00e4nu! Soovime teile edaspidigi edu t\u00f6\u00f6s!<\/p>\t\t\t\t\t\t\t\t<\/div>\n\t\t\t\t<div class=\"elementor-element elementor-element-e4bfdc8 elementor-widget elementor-widget-text-editor\" data-id=\"e4bfdc8\" data-element_type=\"widget\" data-widget_type=\"text-editor.default\">\n\t\t\t\t\t\t\t\t\t<p><b>Sam &amp; Lin<\/b><\/p>\t\t\t\t\t\t\t\t<\/div>\n\t\t\t\t<\/div>\n\t\t\t\t<\/div>\n\t\t<div class=\"elementor-element elementor-element-f82e055 e-con-full e-flex e-con e-child\" data-id=\"f82e055\" data-element_type=\"container\">\n\t\t<div class=\"elementor-element elementor-element-6d3ed97 e-con-full e-flex e-con e-child\" data-id=\"6d3ed97\" data-element_type=\"container\">\n\t\t\t\t<div class=\"elementor-element elementor-element-f9b8926 elementor-widget elementor-widget-text-editor\" data-id=\"f9b8926\" data-element_type=\"widget\" data-widget_type=\"text-editor.default\">\n\t\t\t\t\t\t\t\t\t<p>Meie pulmafotod \u00fcletasid k\u00f5ik ootused, need on nii atmosf\u00e4\u00e4rilised, elavad ja ilusad, et on v\u00f5imatu lemmikut valida! Pulmap\u00e4eval l\u00f5ite nii mugava ja pingevaba atmosf\u00e4\u00e4ri, k\u00f5ik oli kerge ja loomulik. Me ei saanud lihtsalt fotosid, me saime oma p\u00e4eva t\u00f5elise loo, mis oli t\u00e4is emotsioone, naeru ja armastust igas detailis. T\u00e4name teid teie talendi ja s\u00fcdame eest, mille te igasse pildistamisse panete!<\/p>\t\t\t\t\t\t\t\t<\/div>\n\t\t\t\t<div class=\"elementor-element elementor-element-aac9f0f elementor-widget elementor-widget-text-editor\" data-id=\"aac9f0f\" data-element_type=\"widget\" data-widget_type=\"text-editor.default\">\n\t\t\t\t\t\t\t\t\t<p><b>Fatim &amp; Rasmus<\/b><\/p>\t\t\t\t\t\t\t\t<\/div>\n\t\t\t\t<\/div>\n\t\t\t\t<\/div>\n\t\t\t\t\t<\/div>\n\t\t\t\t<\/div>\n\t\t<div class=\"elementor-element elementor-element-b91f9af e-flex e-con-boxed e-con e-parent\" data-id=\"b91f9af\" data-element_type=\"container\">\n\t\t\t\t\t<div class=\"e-con-inner\">\n\t\t\t\t<div class=\"elementor-element elementor-element-a0a3da9 elementor-nav-menu__align-center elementor-nav-menu--dropdown-none elementor-widget elementor-widget-nav-menu\" data-id=\"a0a3da9\" data-element_type=\"widget\" data-settings=\"{&quot;layout&quot;:&quot;horizontal&quot;,&quot;submenu_icon&quot;:{&quot;value&quot;:&quot;&lt;svg aria-hidden=\\&quot;true\\&quot; class=\\&quot;e-font-icon-svg e-fas-caret-down\\&quot; viewBox=\\&quot;0 0 320 512\\&quot; xmlns=\\&quot;http:\\\/\\\/www.w3.org\\\/2000\\\/svg\\&quot;&gt;&lt;path d=\\&quot;M31.3 192h257.3c17.8 0 26.7 21.5 14.1 34.1L174.1 354.8c-7.8 7.8-20.5 7.8-28.3 0L17.2 226.1C4.6 213.5 13.5 192 31.3 192z\\&quot;&gt;&lt;\\\/path&gt;&lt;\\\/svg&gt;&quot;,&quot;library&quot;:&quot;fa-solid&quot;}}\" data-widget_type=\"nav-menu.default\">\n\t\t\t\t\t\t\t\t<nav aria-label=\"Menu\" class=\"elementor-nav-menu--main elementor-nav-menu__container elementor-nav-menu--layout-horizontal e--pointer-underline e--animation-slide\">\n\t\t\t\t<ul id=\"menu-1-a0a3da9\" class=\"elementor-nav-menu\"><li class=\"menu-item menu-item-type-post_type menu-item-object-page menu-item-223\"><a href=\"https:\/\/rahufilm.com\/?page_id=220&#038;lang=ru\" class=\"elementor-item\">Review<\/a><\/li>\n<\/ul>\t\t\t<\/nav>\n\t\t\t\t\t\t<nav class=\"elementor-nav-menu--dropdown elementor-nav-menu__container\" aria-hidden=\"true\">\n\t\t\t\t<ul id=\"menu-2-a0a3da9\" class=\"elementor-nav-menu\"><li class=\"menu-item menu-item-type-post_type menu-item-object-page menu-item-223\"><a href=\"https:\/\/rahufilm.com\/?page_id=220&#038;lang=ru\" class=\"elementor-item\" tabindex=\"-1\">Review<\/a><\/li>\n<\/ul>\t\t\t<\/nav>\n\t\t\t\t\t\t<\/div>\n\t\t\t\t\t<\/div>\n\t\t\t\t<\/div>\n\t\t\t\t<\/div>\n\t\t","protected":false},"excerpt":{"rendered":"<p>https:\/\/rahufilm.com\/wp-content\/uploads\/2025\/10\/\u0432-\u0448\u0430\u043f\u043a\u0443-\u0441\u0430\u0439\u0442\u0430.mp4https:\/\/rahufilm.com\/wp-content\/uploads\/2025\/10\/\u0432-\u0448\u0430\u043f\u043a\u0443-\u0441\u0430\u0439\u0442\u0430.mp4 Iga pulm on lugu inimestest ja nende t\u00f5elistest tunnetest. Me j\u00e4lgime, kuidas s\u00fcnnivad lood, p\u00fc\u00fcame kinni juhuslikke naeratusi ja siiraid pilke \u2013 seda, mida ei saa teeselda.Hiljem meenutavad k\u00fclalised seda p\u00e4eva ja me usume: m\u00e4lestusi ei pea jutustama, vaid n\u00e4itama pulmavideo ja -fotode kaudu. Kui saabub teie p\u00e4ev \u2013 laske lahti kontrollist, lihtsalt elage, [&hellip;]<\/p>\n","protected":false},"author":1,"featured_media":0,"parent":0,"menu_order":0,"comment_status":"closed","ping_status":"closed","template":"","meta":{"footnotes":""},"folder":[],"class_list":["post-2694","page","type-page","status-publish","hentry"],"_links":{"self":[{"href":"https:\/\/rahufilm.com\/index.php?rest_route=\/wp\/v2\/pages\/2694","targetHints":{"allow":["GET"]}}],"collection":[{"href":"https:\/\/rahufilm.com\/index.php?rest_route=\/wp\/v2\/pages"}],"about":[{"href":"https:\/\/rahufilm.com\/index.php?rest_route=\/wp\/v2\/types\/page"}],"author":[{"embeddable":true,"href":"https:\/\/rahufilm.com\/index.php?rest_route=\/wp\/v2\/users\/1"}],"replies":[{"embeddable":true,"href":"https:\/\/rahufilm.com\/index.php?rest_route=%2Fwp%2Fv2%2Fcomments&post=2694"}],"version-history":[{"count":4,"href":"https:\/\/rahufilm.com\/index.php?rest_route=\/wp\/v2\/pages\/2694\/revisions"}],"predecessor-version":[{"id":2821,"href":"https:\/\/rahufilm.com\/index.php?rest_route=\/wp\/v2\/pages\/2694\/revisions\/2821"}],"wp:attachment":[{"href":"https:\/\/rahufilm.com\/index.php?rest_route=%2Fwp%2Fv2%2Fmedia&parent=2694"}],"wp:term":[{"taxonomy":"folder","embeddable":true,"href":"https:\/\/rahufilm.com\/index.php?rest_route=%2Fwp%2Fv2%2Ffolder&post=2694"}],"curies":[{"name":"wp","href":"https:\/\/api.w.org\/{rel}","templated":true}]}}